{"id":5,"date":"2025-08-06T11:53:06","date_gmt":"2025-08-06T11:53:06","guid":{"rendered":"http:\/\/colosseumfund.com\/welcome-to-http-colosseumfund-com\/"},"modified":"2025-09-04T13:52:47","modified_gmt":"2025-09-04T13:52:47","slug":"welcome-to-http-colosseumfund-com","status":"publish","type":"page","link":"https:\/\/colosseumfund.com\/en\/","title":{"rendered":"Colosseum Global Alpha Fund"},"content":{"rendered":"<p>Colosseum Global Alpha is an actively managed hedge fund with a focus on generating a high risk-adjusted return for its shareholders.<\/p>\n\n\n\n<p>The fund's management philosophy combines common sense with a statistical approach. Colosseum Global Alpha believes that systematized active management can create value over time. The management relies on using modern technical tools to maximize the manageable flow of information and subsequently continuously evaluates the universe of potential investment opportunities as stipulated in the fund's regulations. The more potential opportunities, the more potential investments.<\/p>\n\n\n\n<p>Always striving to allocate capital where the fund considers there to be the absolute best upside at any given time provides true active management, both in long and short positions. This flexibility also makes it possible to actively balance the risk profile of the portfolio based on the opportunities that arise in the market. The focus is not only on potential returns, but each opportunity is evaluated in relation to its risk.<\/p>\n\n\n\n<p>For more information about the fund, please refer to all fund documents or contact Colosseum Global Alpha via the form available on the page. <a href=\"https:\/\/colosseumfund.com\/en\/contact\/\" data-type=\"page\" data-id=\"12\">Contact<\/a>.<\/p>\n\n\n<div ><style>#sp-ea-119 .spcollapsing { height: 0; overflow: hidden; transition-property: height;transition-duration: 300ms;}#sp-ea-119.sp-easy-accordion>.sp-ea-single {margin-bottom: 10px; border: 1px solid #e2e2e2; }#sp-ea-119.sp-easy-accordion>.sp-ea-single>.ea-header a {color: #444;}#sp-ea-119.sp-easy-accordion>.sp-ea-single>.sp-collapse>.ea-body {background: #fff; color: #444;}#sp-ea-119.sp-easy-accordion>.sp-ea-single {background: #eee;}#sp-ea-119.sp-easy-accordion>.sp-ea-single>.ea-header a .ea-expand-icon { float: left; color: #444;font-size: 16px;}<\/style><div id=\"sp_easy_accordion-1756987428\"><div id=\"sp-ea-119\" class=\"sp-ea-one sp-easy-accordion\" data-ea-active=\"ea-click\" data-ea-mode=\"vertical\" data-preloader=\"\" data-scroll-active-item=\"\" data-offset-to-scroll=\"0\"><div class=\"ea-card sp-ea-single\"><h3 class=\"ea-header\"><a class=\"collapsed\" id=\"ea-header-1190\" role=\"button\" data-sptoggle=\"spcollapse\" data-sptarget=\"#collapse1190\" aria-controls=\"collapse1190\" href=\"#\" aria-expanded=\"false\" tabindex=\"0\"><i aria-hidden=\"true\" role=\"presentation\" class=\"ea-expand-icon eap-icon-ea-expand-plus\"><\/i> Monthly Letter<\/a><\/h3><div class=\"sp-collapse spcollapse spcollapse\" id=\"collapse1190\" role=\"region\" aria-labelledby=\"ea-header-1190\"> <div class=\"ea-body\"><p><a href=\"http:\/\/colosseumfund.com\/wp-content\/uploads\/2025\/10\/Manadsbrev-CGA-Juli-2025.pdf\">Manadsbrev-CGA-Juli-2025<\/a><\/p><p><a href=\"http:\/\/colosseumfund.com\/wp-content\/uploads\/2025\/10\/Manadsbrev-CGA-Augusti-2025.pdf\">Manadsbrev-CGA-Augusti-2025<\/a><\/p><p><a href=\"http:\/\/colosseumfund.com\/wp-content\/uploads\/2025\/10\/Kvartalsbrev-CGA-September-2025-2.pdf\">Kvartalsbrev-CGA-September-2025<\/a><\/p><p><a href=\"http:\/\/colosseumfund.com\/wp-content\/uploads\/2025\/11\/Manadsbrev-CGA-Oktober-2025.pdf\">Manadsbrev-CGA-Oktober-2025<\/a><\/p><p><a href=\"http:\/\/colosseumfund.com\/wp-content\/uploads\/2025\/12\/Manadsbrev-CGA-November-2025.pdf\">Manadsbrev-CGA-November-2025<\/a><\/p><p><a href=\"http:\/\/colosseumfund.com\/wp-content\/uploads\/2026\/01\/Kvartalsbrev-CGA-December-2025.pdf\">Kvartalsbrev-CGA-December-2025<\/a><\/p><p><a href=\"http:\/\/colosseumfund.com\/wp-content\/uploads\/2026\/02\/ManadsbrevCGA-Januari-002.pdf\">Manadsbrev-CGA-Januari-2026<\/a><\/p><p><a href=\"http:\/\/colosseumfund.com\/wp-content\/uploads\/2026\/03\/CGA-Manadsbrev-Februari-2026.pdf\">M\u00e5nadsbrev-CGA-<\/a><a href=\"http:\/\/colosseumfund.com\/wp-content\/uploads\/2026\/03\/CGA-Manadsbrev-Februari-2026.pdf\">Februari-2026<\/a><\/p><p><a href=\"http:\/\/colosseumfund.com\/wp-content\/uploads\/2026\/04\/Kvartalsbrev-CGA-Mars-2026.pdf\">Kvartalsbrev-CGA-Mars-2026<\/a><\/p><\/div><\/div><\/div><\/div><\/div><\/div>","protected":false},"excerpt":{"rendered":"<p>Colosseum Global Alpha \u00e4r en aktivt f\u00f6rvaltad hedgefond med fokus p\u00e5 att generera h\u00f6g riskjusterad avkastning till sina andels\u00e4gare. Fondens f\u00f6rvaltningsfilosofi kombinerar sunt f\u00f6rnuft med ett statistiskt tillv\u00e4gag\u00e5ngss\u00e4tt. Colosseum Global [&hellip;]<\/p>\n","protected":false},"author":1,"featured_media":0,"parent":0,"menu_order":0,"comment_status":"closed","ping_status":"closed","template":"","meta":{"footnotes":""},"class_list":["post-5","page","type-page","status-publish","hentry"],"_links":{"self":[{"href":"https:\/\/colosseumfund.com\/en\/wp-json\/wp\/v2\/pages\/5","targetHints":{"allow":["GET"]}}],"collection":[{"href":"https:\/\/colosseumfund.com\/en\/wp-json\/wp\/v2\/pages"}],"about":[{"href":"https:\/\/colosseumfund.com\/en\/wp-json\/wp\/v2\/types\/page"}],"author":[{"embeddable":true,"href":"https:\/\/colosseumfund.com\/en\/wp-json\/wp\/v2\/users\/1"}],"replies":[{"embeddable":true,"href":"https:\/\/colosseumfund.com\/en\/wp-json\/wp\/v2\/comments?post=5"}],"version-history":[{"count":16,"href":"https:\/\/colosseumfund.com\/en\/wp-json\/wp\/v2\/pages\/5\/revisions"}],"predecessor-version":[{"id":128,"href":"https:\/\/colosseumfund.com\/en\/wp-json\/wp\/v2\/pages\/5\/revisions\/128"}],"wp:attachment":[{"href":"https:\/\/colosseumfund.com\/en\/wp-json\/wp\/v2\/media?parent=5"}],"curies":[{"name":"wp","href":"https:\/\/api.w.org\/{rel}","templated":true}]}}